{"id":1257,"date":"2023-09-25T21:15:14","date_gmt":"2023-09-25T21:15:14","guid":{"rendered":"https:\/\/immerscience.com\/privacy-policy\/"},"modified":"2025-10-15T10:15:51","modified_gmt":"2025-10-15T10:15:51","slug":"privacy-policy","status":"publish","type":"page","link":"https:\/\/immerscience.com\/en\/privacy-policy\/","title":{"rendered":"Privacy policy"},"content":{"rendered":"\t\t<div data-elementor-type=\"wp-page\" data-elementor-id=\"1257\" class=\"elementor elementor-1257 elementor-1246\" data-elementor-post-type=\"page\">\n\t\t\t\t<div class=\"elementor-element elementor-element-95434cc e-flex e-con-boxed e-con e-parent\" data-id=\"95434cc\" data-element_type=\"container\" data-e-type=\"container\">\n\t\t\t\t\t<div class=\"e-con-inner\">\n\t\t\t\t<div class=\"elementor-element elementor-element-4ed5ff2 elementor-widget elementor-widget-heading\" data-id=\"4ed5ff2\" data-element_type=\"widget\" data-e-type=\"widget\" data-widget_type=\"heading.default\">\n\t\t\t\t<div class=\"elementor-widget-container\">\n\t\t\t\t\t<h2 class=\"elementor-heading-title elementor-size-default\">Privacy policy<\/h2>\t\t\t\t<\/div>\n\t\t\t\t<\/div>\n\t\t\t\t\t<\/div>\n\t\t\t\t<\/div>\n\t\t<div class=\"elementor-element elementor-element-f317000 e-flex e-con-boxed e-con e-parent\" data-id=\"f317000\" data-element_type=\"container\" data-e-type=\"container\">\n\t\t\t\t\t<div class=\"e-con-inner\">\n\t\t\t\t<div class=\"elementor-element elementor-element-77cd393 elementor-widget elementor-widget-text-editor\" data-id=\"77cd393\" data-element_type=\"widget\" data-e-type=\"widget\" data-widget_type=\"text-editor.default\">\n\t\t\t\t<div class=\"elementor-widget-container\">\n\t\t\t\t\t\t\t\t\tLast update: September 25, 2023\n\nAt Immerscience, we take the protection of your personal information very seriously. This policy aims to inform you about how we collect, use and protect your personal data. Please take the time to read the following information carefully.\n<h3>Collection of personal information<\/h3>\nWe collect different types of personal information when you interact with us, such as when you visit our website, use our services or communicate with us. This information may include, but is not limited to, your name, e-mail address and other contact information.\n<h3>Use of personal information<\/h3>\nThe personal information we collect is used to provide you with our services, respond to your requests and inform you of our special offers and updates. We may also use this information for internal purposes such as analyzing usage trends and improving our services.\n<h3>Sharing personal information<\/h3>\nWe do not sell or rent your personal information to third parties. However, we may share this information with third-party service providers who help us operate our website and deliver our services. They are required to respect the confidentiality of your information.\n<h3>Using Google Analytics<\/h3>\nWe use Google Analytics to collect information about the use of our website and to analyze trends. Google Analytics uses cookies to collect this data. You can read Google&#8217;s privacy policy to find out more about how they process data.\n<h3>Security of personal information<\/h3>\nWe take appropriate security measures to protect your personal information from unauthorized access, disclosure, alteration or destruction.\n<h3>Accessing and modifying your personal information<\/h3>\nYou have the right to access your personal information held by us and to request corrections if necessary. Please contact us at <a href=\"mailto:info@immerscience.com\">info@immerscience.com<\/a> to exercise these rights.\n<h3>Changes to the privacy policy<\/h3>\nWe reserve the right to update this policy at any time. Changes will be published on our website.\n\nBy using our services, you agree to the terms of this privacy policy.\n\nIf you have any questions or concerns about this policy, please contact us at <a href=\"mailto:info@immerscience.com\">info@immerscience.com<\/a>.\t\t\t\t\t\t\t\t<\/div>\n\t\t\t\t<\/div>\n\t\t\t\t\t<\/div>\n\t\t\t\t<\/div>\n\t\t\t\t<\/div>\n\t\t","protected":false},"excerpt":{"rendered":"<p>Last update: September 25, 2023 At Immerscience, we take the protection of your personal information very seriously. This policy aims to inform you about how we collect, use and protect your personal data. Please take the time to read the following information carefully. Collection of personal information We collect different types of personal information when [&hellip;]<\/p>\n","protected":false},"author":1,"featured_media":0,"parent":0,"menu_order":0,"comment_status":"closed","ping_status":"closed","template":"","meta":{"footnotes":""},"class_list":["post-1257","page","type-page","status-publish","hentry"],"yoast_head":"<!-- This site is optimized with the Yoast SEO Premium plugin v27.4 (Yoast SEO v27.4) - https:\/\/yoast.com\/product\/yoast-seo-premium-wordpress\/ -->\n<title>Privacy policy - Immerscience<\/title>\n<meta name=\"robots\" content=\"index, follow, max-snippet:-1, max-image-preview:large, max-video-preview:-1\" \/>\n<link rel=\"canonical\" href=\"https:\/\/immerscience.com\/en\/privacy-policy\/\" \/>\n<meta property=\"og:locale\" content=\"en_US\" \/>\n<meta property=\"og:type\" content=\"article\" \/>\n<meta property=\"og:title\" content=\"Privacy policy\" \/>\n<meta property=\"og:description\" content=\"Last update: September 25, 2023 At Immerscience, we take the protection of your personal information very seriously. This policy aims to inform you about how we collect, use and protect your personal data. Please take the time to read the following information carefully. Collection of personal information We collect different types of personal information when [&hellip;]\" \/>\n<meta property=\"og:url\" content=\"https:\/\/immerscience.com\/en\/privacy-policy\/\" \/>\n<meta property=\"og:site_name\" content=\"Immerscience\" \/>\n<meta property=\"article:modified_time\" content=\"2025-10-15T10:15:51+00:00\" \/>\n<meta name=\"twitter:card\" content=\"summary_large_image\" \/>\n<meta name=\"twitter:label1\" content=\"Est. reading time\" \/>\n\t<meta name=\"twitter:data1\" content=\"2 minutes\" \/>\n<script type=\"application\/ld+json\" class=\"yoast-schema-graph\">{\"@context\":\"https:\\\/\\\/schema.org\",\"@graph\":[{\"@type\":\"WebPage\",\"@id\":\"https:\\\/\\\/immerscience.com\\\/en\\\/privacy-policy\\\/\",\"url\":\"https:\\\/\\\/immerscience.com\\\/en\\\/privacy-policy\\\/\",\"name\":\"Privacy policy - Immerscience\",\"isPartOf\":{\"@id\":\"https:\\\/\\\/immerscience.com\\\/en\\\/#website\"},\"datePublished\":\"2023-09-25T21:15:14+00:00\",\"dateModified\":\"2025-10-15T10:15:51+00:00\",\"breadcrumb\":{\"@id\":\"https:\\\/\\\/immerscience.com\\\/en\\\/privacy-policy\\\/#breadcrumb\"},\"inLanguage\":\"en-US\",\"potentialAction\":[{\"@type\":\"ReadAction\",\"target\":[\"https:\\\/\\\/immerscience.com\\\/en\\\/privacy-policy\\\/\"]}]},{\"@type\":\"BreadcrumbList\",\"@id\":\"https:\\\/\\\/immerscience.com\\\/en\\\/privacy-policy\\\/#breadcrumb\",\"itemListElement\":[{\"@type\":\"ListItem\",\"position\":1,\"name\":\"Home\",\"item\":\"https:\\\/\\\/immerscience.com\\\/en\\\/\"},{\"@type\":\"ListItem\",\"position\":2,\"name\":\"Privacy policy\"}]},{\"@type\":\"WebSite\",\"@id\":\"https:\\\/\\\/immerscience.com\\\/en\\\/#website\",\"url\":\"https:\\\/\\\/immerscience.com\\\/en\\\/\",\"name\":\"Immerscience\",\"description\":\"R\u00e9unir, \u00e9valuer et communiquer efficacement et rapidement les informations scientifiques et m\u00e9thodologiques.\",\"potentialAction\":[{\"@type\":\"SearchAction\",\"target\":{\"@type\":\"EntryPoint\",\"urlTemplate\":\"https:\\\/\\\/immerscience.com\\\/en\\\/?s={search_term_string}\"},\"query-input\":{\"@type\":\"PropertyValueSpecification\",\"valueRequired\":true,\"valueName\":\"search_term_string\"}}],\"inLanguage\":\"en-US\"}]}<\/script>\n<!-- \/ Yoast SEO Premium plugin. -->","yoast_head_json":{"title":"Privacy policy - Immerscience","robots":{"index":"index","follow":"follow","max-snippet":"max-snippet:-1","max-image-preview":"max-image-preview:large","max-video-preview":"max-video-preview:-1"},"canonical":"https:\/\/immerscience.com\/en\/privacy-policy\/","og_locale":"en_US","og_type":"article","og_title":"Privacy policy","og_description":"Last update: September 25, 2023 At Immerscience, we take the protection of your personal information very seriously. This policy aims to inform you about how we collect, use and protect your personal data. Please take the time to read the following information carefully. Collection of personal information We collect different types of personal information when [&hellip;]","og_url":"https:\/\/immerscience.com\/en\/privacy-policy\/","og_site_name":"Immerscience","article_modified_time":"2025-10-15T10:15:51+00:00","twitter_card":"summary_large_image","twitter_misc":{"Est. reading time":"2 minutes"},"schema":{"@context":"https:\/\/schema.org","@graph":[{"@type":"WebPage","@id":"https:\/\/immerscience.com\/en\/privacy-policy\/","url":"https:\/\/immerscience.com\/en\/privacy-policy\/","name":"Privacy policy - Immerscience","isPartOf":{"@id":"https:\/\/immerscience.com\/en\/#website"},"datePublished":"2023-09-25T21:15:14+00:00","dateModified":"2025-10-15T10:15:51+00:00","breadcrumb":{"@id":"https:\/\/immerscience.com\/en\/privacy-policy\/#breadcrumb"},"inLanguage":"en-US","potentialAction":[{"@type":"ReadAction","target":["https:\/\/immerscience.com\/en\/privacy-policy\/"]}]},{"@type":"BreadcrumbList","@id":"https:\/\/immerscience.com\/en\/privacy-policy\/#breadcrumb","itemListElement":[{"@type":"ListItem","position":1,"name":"Home","item":"https:\/\/immerscience.com\/en\/"},{"@type":"ListItem","position":2,"name":"Privacy policy"}]},{"@type":"WebSite","@id":"https:\/\/immerscience.com\/en\/#website","url":"https:\/\/immerscience.com\/en\/","name":"Immerscience","description":"R\u00e9unir, \u00e9valuer et communiquer efficacement et rapidement les informations scientifiques et m\u00e9thodologiques.","potentialAction":[{"@type":"SearchAction","target":{"@type":"EntryPoint","urlTemplate":"https:\/\/immerscience.com\/en\/?s={search_term_string}"},"query-input":{"@type":"PropertyValueSpecification","valueRequired":true,"valueName":"search_term_string"}}],"inLanguage":"en-US"}]}},"_links":{"self":[{"href":"https:\/\/immerscience.com\/en\/wp-json\/wp\/v2\/pages\/1257","targetHints":{"allow":["GET"]}}],"collection":[{"href":"https:\/\/immerscience.com\/en\/wp-json\/wp\/v2\/pages"}],"about":[{"href":"https:\/\/immerscience.com\/en\/wp-json\/wp\/v2\/types\/page"}],"author":[{"embeddable":true,"href":"https:\/\/immerscience.com\/en\/wp-json\/wp\/v2\/users\/1"}],"replies":[{"embeddable":true,"href":"https:\/\/immerscience.com\/en\/wp-json\/wp\/v2\/comments?post=1257"}],"version-history":[{"count":1,"href":"https:\/\/immerscience.com\/en\/wp-json\/wp\/v2\/pages\/1257\/revisions"}],"predecessor-version":[{"id":1258,"href":"https:\/\/immerscience.com\/en\/wp-json\/wp\/v2\/pages\/1257\/revisions\/1258"}],"wp:attachment":[{"href":"https:\/\/immerscience.com\/en\/wp-json\/wp\/v2\/media?parent=1257"}],"curies":[{"name":"wp","href":"https:\/\/api.w.org\/{rel}","templated":true}]}}