{"id":856,"date":"2021-08-07T14:47:53","date_gmt":"2021-08-07T14:47:53","guid":{"rendered":"https:\/\/immerscience.com\/?page_id=856"},"modified":"2025-10-15T09:47:48","modified_gmt":"2025-10-15T09:47:48","slug":"home","status":"publish","type":"page","link":"https:\/\/immerscience.com\/en\/","title":{"rendered":"Home"},"content":{"rendered":"<p><img fetchpriority=\"high\" decoding=\"async\" width=\"2000\" height=\"750\" src=\"https:\/\/immerscience.com\/wp-content\/uploads\/2021\/07\/logo-immerscience.jpg\" alt=\"\" srcset=\"https:\/\/immerscience.com\/wp-content\/uploads\/2021\/07\/logo-immerscience.jpg 2000w, https:\/\/immerscience.com\/wp-content\/uploads\/2021\/07\/logo-immerscience-300x113.jpg 300w, https:\/\/immerscience.com\/wp-content\/uploads\/2021\/07\/logo-immerscience-1024x384.jpg 1024w, https:\/\/immerscience.com\/wp-content\/uploads\/2021\/07\/logo-immerscience-768x288.jpg 768w, https:\/\/immerscience.com\/wp-content\/uploads\/2021\/07\/logo-immerscience-1536x576.jpg 1536w\" sizes=\"(max-width: 2000px) 100vw, 2000px\">\t\t\t\t\t\t\t\t\t\t\t\t\t\t\t<\/p>\n<h2>Immerscience dives into science<\/h2>\n<p>For 10 years now, we&#8217;ve been delving into health-related science alongside you.<\/p>\n<p>Our services guarantee you time savings, productivity gains and peace of mind in the face of information overload (infobesity) and misinformation.<\/p>\n<p>To make scientific knowledge bubbles accessible, we offer <strong><br \/>\n  <a href=\"https:\/\/immerscience.com\/en\/services\/\">services<\/a><br \/>\n<\/strong> of:<\/p>\n<ul>\n<li><strong>knowledge brokerage (transfer and mobilization)<\/strong><\/li>\n<li><strong>scientific communication<\/strong><\/li>\n<li><strong>scientific curation<\/strong><\/li>\n<li><strong>scientific coaching<\/strong><\/li>\n<\/ul>\n<p>Immerscience is a network of trusted experts. Whether we&#8217;re scientists by training, information professionals, web enthusiasts or creative people with a passion for science, we can adapt to your needs thanks to our multi-disciplinary profiles and our expertise in the field.<\/p>\n<p>\t\t\t\t\t<a role=\"button\"><br \/>\n  Contact us<br \/>\n\t\t\t\t\t<\/a><\/p>\n<h2><strong>Our promise to you<br \/><\/strong><\/h2>\n<h4>Accessible, valid science tailored to your needs.<\/h4>\n<h2>Facebook<\/h2>\n<h2>Who we are<\/h2>\n<p>\t\t\t\t\t\t\t\t\t\t\t\t\t\t\t<img decoding=\"async\" width=\"334\" height=\"334\" src=\"https:\/\/immerscience.com\/wp-content\/uploads\/2019\/02\/CLord.jpg\" alt=\"\" srcset=\"https:\/\/immerscience.com\/wp-content\/uploads\/2019\/02\/CLord.jpg 334w, https:\/\/immerscience.com\/wp-content\/uploads\/2019\/02\/CLord-150x150.jpg 150w, https:\/\/immerscience.com\/wp-content\/uploads\/2019\/02\/CLord-300x300.jpg 300w\" sizes=\"(max-width: 334px) 100vw, 334px\">\t\t\t\t\t\t\t\t\t\t\t\t\t\t\t<\/p>\n<p><strong>Catherine Lord<\/strong>, Ph. D. Neurosciences<br \/>Founder and partner,<br \/>Broker of scientific knowledge in healthcare<\/p>\n<p>\t\t\t\t\t\t\t\t\t\t\t\t\t\t\t<img decoding=\"async\" width=\"320\" height=\"320\" src=\"https:\/\/immerscience.com\/wp-content\/uploads\/2019\/02\/JAndrews.jpg\" alt=\"\" srcset=\"https:\/\/immerscience.com\/wp-content\/uploads\/2019\/02\/JAndrews.jpg 320w, https:\/\/immerscience.com\/wp-content\/uploads\/2019\/02\/JAndrews-150x150.jpg 150w, https:\/\/immerscience.com\/wp-content\/uploads\/2019\/02\/JAndrews-300x300.jpg 300w\" sizes=\"(max-width: 320px) 100vw, 320px\">\t\t\t\t\t\t\t\t\t\t\t\t\t\t\t<\/p>\n<p><strong>Julie Andrews<\/strong>, Ph. D. Neuroscience<br \/>Co-founder and partner,<br \/>Scientific health consultant.<\/p>\n<p>Catherine and Julie are the two cerebral hemispheres of Immerscience. Their longstanding complicity and shared passion for research and teaching led them to the adventure of scientific entrepreneurship. After their doctoral research in psychoneuroendocrinology, they pursued post-doctoral studies, eventually branching out into multidisciplinary career paths.<\/p>\n<p>Catherine will accompany you in all your projects from her adopted land under the stars of Provence (long live teleworking!). She&#8217;s known for her ability to bring ideas and people together, a true &#8220;star&#8221; agent.<\/p>\n<p>Julie is a college teacher and co-founder of Immerscience. Always ready to go, smiling and ready to listen, she&#8217;s the business partner with whom anything is possible.<\/p>\n","protected":false},"excerpt":{"rendered":"<p>Immerscience dives into science For years now, we&#8217;ve been delving into health-related science alongside you. Our services guarantee you time savings, productivity gains and peace of mind in the face of information overload (infobesity) and misinformation. To make scientific knowledge bubbles accessible, we offer services of: knowledge brokerage (transfer and mobilization) scientific communication scientific curation [&hellip;]<\/p>\n","protected":false},"author":1,"featured_media":0,"parent":0,"menu_order":0,"comment_status":"closed","ping_status":"closed","template":"","meta":{"footnotes":""},"class_list":["post-856","page","type-page","status-publish","hentry"],"yoast_head":"<!-- This site is optimized with the Yoast SEO Premium plugin v27.5 (Yoast SEO v27.5) - https:\/\/yoast.com\/product\/yoast-seo-premium-wordpress\/ -->\n<title>Home - Immerscience<\/title>\n<meta name=\"robots\" content=\"index, follow, max-snippet:-1, max-image-preview:large, max-video-preview:-1\" \/>\n<link rel=\"canonical\" href=\"https:\/\/immerscience.com\/en\/\" \/>\n<meta property=\"og:locale\" content=\"en_US\" \/>\n<meta property=\"og:type\" content=\"article\" \/>\n<meta property=\"og:title\" content=\"Home\" \/>\n<meta property=\"og:description\" content=\"Immerscience dives into science For years now, we&#8217;ve been delving into health-related science alongside you. Our services guarantee you time savings, productivity gains and peace of mind in the face of information overload (infobesity) and misinformation. To make scientific knowledge bubbles accessible, we offer services of: knowledge brokerage (transfer and mobilization) scientific communication scientific curation [&hellip;]\" \/>\n<meta property=\"og:url\" content=\"https:\/\/immerscience.com\/en\/\" \/>\n<meta property=\"og:site_name\" content=\"Immerscience\" \/>\n<meta property=\"article:modified_time\" content=\"2025-10-15T09:47:48+00:00\" \/>\n<meta property=\"og:image\" content=\"https:\/\/immerscience.com\/wp-content\/uploads\/2021\/07\/logo-immerscience.jpg\" \/>\n<meta name=\"twitter:card\" content=\"summary_large_image\" \/>\n<meta name=\"twitter:label1\" content=\"Est. reading time\" \/>\n\t<meta name=\"twitter:data1\" content=\"3 minutes\" \/>\n<script type=\"application\/ld+json\" class=\"yoast-schema-graph\">{\"@context\":\"https:\\\/\\\/schema.org\",\"@graph\":[{\"@type\":\"WebPage\",\"@id\":\"https:\\\/\\\/immerscience.com\\\/en\\\/\",\"url\":\"https:\\\/\\\/immerscience.com\\\/en\\\/\",\"name\":\"Home - Immerscience\",\"isPartOf\":{\"@id\":\"https:\\\/\\\/immerscience.com\\\/en\\\/#website\"},\"primaryImageOfPage\":{\"@id\":\"https:\\\/\\\/immerscience.com\\\/en\\\/#primaryimage\"},\"image\":{\"@id\":\"https:\\\/\\\/immerscience.com\\\/en\\\/#primaryimage\"},\"thumbnailUrl\":\"https:\\\/\\\/immerscience.com\\\/wp-content\\\/uploads\\\/2021\\\/07\\\/logo-immerscience.jpg\",\"datePublished\":\"2021-08-07T14:47:53+00:00\",\"dateModified\":\"2025-10-15T09:47:48+00:00\",\"breadcrumb\":{\"@id\":\"https:\\\/\\\/immerscience.com\\\/en\\\/#breadcrumb\"},\"inLanguage\":\"en-US\",\"potentialAction\":[{\"@type\":\"ReadAction\",\"target\":[\"https:\\\/\\\/immerscience.com\\\/en\\\/\"]}]},{\"@type\":\"ImageObject\",\"inLanguage\":\"en-US\",\"@id\":\"https:\\\/\\\/immerscience.com\\\/en\\\/#primaryimage\",\"url\":\"https:\\\/\\\/immerscience.com\\\/wp-content\\\/uploads\\\/2021\\\/07\\\/logo-immerscience.jpg\",\"contentUrl\":\"https:\\\/\\\/immerscience.com\\\/wp-content\\\/uploads\\\/2021\\\/07\\\/logo-immerscience.jpg\"},{\"@type\":\"BreadcrumbList\",\"@id\":\"https:\\\/\\\/immerscience.com\\\/en\\\/#breadcrumb\",\"itemListElement\":[{\"@type\":\"ListItem\",\"position\":1,\"name\":\"Home\",\"item\":\"https:\\\/\\\/immerscience.com\\\/en\\\/\"},{\"@type\":\"ListItem\",\"position\":2,\"name\":\"Home\"}]},{\"@type\":\"WebSite\",\"@id\":\"https:\\\/\\\/immerscience.com\\\/en\\\/#website\",\"url\":\"https:\\\/\\\/immerscience.com\\\/en\\\/\",\"name\":\"Immerscience\",\"description\":\"R\u00e9unir, \u00e9valuer et communiquer efficacement et rapidement les informations scientifiques et m\u00e9thodologiques.\",\"potentialAction\":[{\"@type\":\"SearchAction\",\"target\":{\"@type\":\"EntryPoint\",\"urlTemplate\":\"https:\\\/\\\/immerscience.com\\\/en\\\/?s={search_term_string}\"},\"query-input\":{\"@type\":\"PropertyValueSpecification\",\"valueRequired\":true,\"valueName\":\"search_term_string\"}}],\"inLanguage\":\"en-US\"}]}<\/script>\n<!-- \/ Yoast SEO Premium plugin. -->","yoast_head_json":{"title":"Home - Immerscience","robots":{"index":"index","follow":"follow","max-snippet":"max-snippet:-1","max-image-preview":"max-image-preview:large","max-video-preview":"max-video-preview:-1"},"canonical":"https:\/\/immerscience.com\/en\/","og_locale":"en_US","og_type":"article","og_title":"Home","og_description":"Immerscience dives into science For years now, we&#8217;ve been delving into health-related science alongside you. Our services guarantee you time savings, productivity gains and peace of mind in the face of information overload (infobesity) and misinformation. To make scientific knowledge bubbles accessible, we offer services of: knowledge brokerage (transfer and mobilization) scientific communication scientific curation [&hellip;]","og_url":"https:\/\/immerscience.com\/en\/","og_site_name":"Immerscience","article_modified_time":"2025-10-15T09:47:48+00:00","og_image":[{"url":"https:\/\/immerscience.com\/wp-content\/uploads\/2021\/07\/logo-immerscience.jpg","type":"","width":"","height":""}],"twitter_card":"summary_large_image","twitter_misc":{"Est. reading time":"3 minutes"},"schema":{"@context":"https:\/\/schema.org","@graph":[{"@type":"WebPage","@id":"https:\/\/immerscience.com\/en\/","url":"https:\/\/immerscience.com\/en\/","name":"Home - Immerscience","isPartOf":{"@id":"https:\/\/immerscience.com\/en\/#website"},"primaryImageOfPage":{"@id":"https:\/\/immerscience.com\/en\/#primaryimage"},"image":{"@id":"https:\/\/immerscience.com\/en\/#primaryimage"},"thumbnailUrl":"https:\/\/immerscience.com\/wp-content\/uploads\/2021\/07\/logo-immerscience.jpg","datePublished":"2021-08-07T14:47:53+00:00","dateModified":"2025-10-15T09:47:48+00:00","breadcrumb":{"@id":"https:\/\/immerscience.com\/en\/#breadcrumb"},"inLanguage":"en-US","potentialAction":[{"@type":"ReadAction","target":["https:\/\/immerscience.com\/en\/"]}]},{"@type":"ImageObject","inLanguage":"en-US","@id":"https:\/\/immerscience.com\/en\/#primaryimage","url":"https:\/\/immerscience.com\/wp-content\/uploads\/2021\/07\/logo-immerscience.jpg","contentUrl":"https:\/\/immerscience.com\/wp-content\/uploads\/2021\/07\/logo-immerscience.jpg"},{"@type":"BreadcrumbList","@id":"https:\/\/immerscience.com\/en\/#breadcrumb","itemListElement":[{"@type":"ListItem","position":1,"name":"Home","item":"https:\/\/immerscience.com\/en\/"},{"@type":"ListItem","position":2,"name":"Home"}]},{"@type":"WebSite","@id":"https:\/\/immerscience.com\/en\/#website","url":"https:\/\/immerscience.com\/en\/","name":"Immerscience","description":"R\u00e9unir, \u00e9valuer et communiquer efficacement et rapidement les informations scientifiques et m\u00e9thodologiques.","potentialAction":[{"@type":"SearchAction","target":{"@type":"EntryPoint","urlTemplate":"https:\/\/immerscience.com\/en\/?s={search_term_string}"},"query-input":{"@type":"PropertyValueSpecification","valueRequired":true,"valueName":"search_term_string"}}],"inLanguage":"en-US"}]}},"_links":{"self":[{"href":"https:\/\/immerscience.com\/en\/wp-json\/wp\/v2\/pages\/856","targetHints":{"allow":["GET"]}}],"collection":[{"href":"https:\/\/immerscience.com\/en\/wp-json\/wp\/v2\/pages"}],"about":[{"href":"https:\/\/immerscience.com\/en\/wp-json\/wp\/v2\/types\/page"}],"author":[{"embeddable":true,"href":"https:\/\/immerscience.com\/en\/wp-json\/wp\/v2\/users\/1"}],"replies":[{"embeddable":true,"href":"https:\/\/immerscience.com\/en\/wp-json\/wp\/v2\/comments?post=856"}],"version-history":[{"count":5,"href":"https:\/\/immerscience.com\/en\/wp-json\/wp\/v2\/pages\/856\/revisions"}],"predecessor-version":[{"id":1421,"href":"https:\/\/immerscience.com\/en\/wp-json\/wp\/v2\/pages\/856\/revisions\/1421"}],"wp:attachment":[{"href":"https:\/\/immerscience.com\/en\/wp-json\/wp\/v2\/media?parent=856"}],"curies":[{"name":"wp","href":"https:\/\/api.w.org\/{rel}","templated":true}]}}