{"id":865,"date":"2021-08-07T14:52:16","date_gmt":"2021-08-07T14:52:16","guid":{"rendered":"https:\/\/immerscience.com\/?page_id=865"},"modified":"2025-09-08T10:49:43","modified_gmt":"2025-09-08T10:49:43","slug":"contact-en","status":"publish","type":"page","link":"https:\/\/immerscience.com\/en\/contact-en\/","title":{"rendered":"Contact"},"content":{"rendered":"\t\t<div data-elementor-type=\"wp-post\" data-elementor-id=\"865\" class=\"elementor elementor-865 elementor-130\" data-elementor-post-type=\"page\">\n\t\t\t\t<div class=\"elementor-element elementor-element-383af77 e-flex e-con-boxed e-con e-parent\" data-id=\"383af77\" data-element_type=\"container\" data-e-type=\"container\" data-settings=\"{&quot;background_background&quot;:&quot;classic&quot;}\">\n\t\t\t\t\t<div class=\"e-con-inner\">\n\t\t<div class=\"elementor-element elementor-element-fad718f e-con-full e-flex e-con e-child\" data-id=\"fad718f\" data-element_type=\"container\" data-e-type=\"container\">\n\t\t<div class=\"elementor-element elementor-element-f8f4221 e-con-full e-flex e-con e-child\" data-id=\"f8f4221\" data-element_type=\"container\" data-e-type=\"container\">\n\t\t<div class=\"elementor-element elementor-element-7f17fb8 e-con-full e-flex e-con e-child\" data-id=\"7f17fb8\" data-element_type=\"container\" data-e-type=\"container\">\n\t\t\t\t<div class=\"elementor-element elementor-element-7af80b4 elementor-widget elementor-widget-image\" data-id=\"7af80b4\" data-element_type=\"widget\" data-e-type=\"widget\" data-widget_type=\"image.default\">\n\t\t\t\t<div class=\"elementor-widget-container\">\n\t\t\t\t\t\t\t\t\t\t\t\t\t\t\t<img fetchpriority=\"high\" decoding=\"async\" width=\"300\" height=\"238\" src=\"https:\/\/immerscience.com\/wp-content\/uploads\/2019\/02\/icon-treasures.png\" class=\"attachment-large size-large wp-image-133\" alt=\"\" \/>\t\t\t\t\t\t\t\t\t\t\t\t\t\t\t<\/div>\n\t\t\t\t<\/div>\n\t\t\t\t<\/div>\n\t\t<div class=\"elementor-element elementor-element-3e3e797 e-con-full e-flex e-con e-child\" data-id=\"3e3e797\" data-element_type=\"container\" data-e-type=\"container\">\n\t\t\t\t<div class=\"elementor-element elementor-element-9c59008 elementor-widget elementor-widget-text-editor\" data-id=\"9c59008\" data-element_type=\"widget\" data-e-type=\"widget\" data-widget_type=\"text-editor.default\">\n\t\t\t\t<div class=\"elementor-widget-container\">\n\t\t\t\t\t\t\t\t\t<h2><span style=\"font-weight: 300;\">Plan your project and dive into science with us.<\/span><\/h2>\t\t\t\t\t\t\t\t<\/div>\n\t\t\t\t<\/div>\n\t\t\t\t<\/div>\n\t\t\t\t<\/div>\n\t\t\t\t<\/div>\n\t\t\t\t\t<\/div>\n\t\t\t\t<\/div>\n\t\t<div class=\"elementor-element elementor-element-66779d0 e-flex e-con-boxed e-con e-parent\" data-id=\"66779d0\" data-element_type=\"container\" data-e-type=\"container\">\n\t\t\t\t\t<div class=\"e-con-inner\">\n\t\t<div class=\"elementor-element elementor-element-5fed02d e-flex e-con-boxed e-con e-child\" data-id=\"5fed02d\" data-element_type=\"container\" data-e-type=\"container\">\n\t\t\t\t\t<div class=\"e-con-inner\">\n\t\t\t\t<div class=\"elementor-element elementor-element-aa4f081 elementor-button-align-end elementor-mobile-button-align-stretch elementor-widget elementor-widget-form\" data-id=\"aa4f081\" data-element_type=\"widget\" data-e-type=\"widget\" data-settings=\"{&quot;step_next_label&quot;:&quot;Next&quot;,&quot;step_previous_label&quot;:&quot;Previous&quot;,&quot;button_width&quot;:&quot;100&quot;,&quot;step_type&quot;:&quot;number_text&quot;,&quot;step_icon_shape&quot;:&quot;circle&quot;}\" data-widget_type=\"form.default\">\n\t\t\t\t<div class=\"elementor-widget-container\">\n\t\t\t\t\t\t\t<form class=\"elementor-form\" method=\"post\" id=\"contact_form_immerscience\" name=\"Immerscience\" aria-label=\"Immerscience\">\n\t\t\t<input type=\"hidden\" name=\"post_id\" value=\"865\"\/>\n\t\t\t<input type=\"hidden\" name=\"form_id\" value=\"aa4f081\"\/>\n\t\t\t<input type=\"hidden\" name=\"referer_title\" value=\"Contact - Immerscience\" \/>\n\n\t\t\t\t\t\t\t<input type=\"hidden\" name=\"queried_id\" value=\"865\"\/>\n\t\t\t\n\t\t\t<div class=\"elementor-form-fields-wrapper elementor-labels-\">\n\t\t\t\t\t\t\t\t<div class=\"elementor-field-type-text elementor-field-group elementor-column elementor-field-group-prenom elementor-col-100\">\n\t\t\t\t\t\t\t\t\t\t\t\t<label for=\"form-field-prenom\" class=\"elementor-field-label elementor-screen-only\">\n\t\t\t\t\t\t\t\tFirst name\t\t\t\t\t\t\t<\/label>\n\t\t\t\t\t\t\t\t\t\t\t\t\t\t<input size=\"1\" type=\"text\" name=\"form_fields[prenom]\" id=\"form-field-prenom\" class=\"elementor-field elementor-size-sm  elementor-field-textual\" placeholder=\"First name\">\n\t\t\t\t\t\t\t\t\t\t\t<\/div>\n\t\t\t\t\t\t\t\t<div class=\"elementor-field-type-text elementor-field-group elementor-column elementor-field-group-nom elementor-col-100\">\n\t\t\t\t\t\t\t\t\t\t\t\t<label for=\"form-field-nom\" class=\"elementor-field-label elementor-screen-only\">\n\t\t\t\t\t\t\t\tName\t\t\t\t\t\t\t<\/label>\n\t\t\t\t\t\t\t\t\t\t\t\t\t\t<input size=\"1\" type=\"text\" name=\"form_fields[nom]\" id=\"form-field-nom\" class=\"elementor-field elementor-size-sm  elementor-field-textual\" placeholder=\"Name\">\n\t\t\t\t\t\t\t\t\t\t\t<\/div>\n\t\t\t\t\t\t\t\t<div class=\"elementor-field-type-email elementor-field-group elementor-column elementor-field-group-email elementor-col-100 elementor-field-required\">\n\t\t\t\t\t\t\t\t\t\t\t\t<label for=\"form-field-email\" class=\"elementor-field-label elementor-screen-only\">\n\t\t\t\t\t\t\t\tE-mail\t\t\t\t\t\t\t<\/label>\n\t\t\t\t\t\t\t\t\t\t\t\t\t\t<input size=\"1\" type=\"email\" name=\"form_fields[email]\" id=\"form-field-email\" class=\"elementor-field elementor-size-sm  elementor-field-textual\" placeholder=\"E-mail\" required=\"required\">\n\t\t\t\t\t\t\t\t\t\t\t<\/div>\n\t\t\t\t\t\t\t\t<div class=\"elementor-field-type-html elementor-field-group elementor-column elementor-field-group-field_bdea257 elementor-col-100\">\n\t\t\t\t\t<div style=\"min-height:30px;\"><\/div>\t\t\t\t<\/div>\n\t\t\t\t\t\t\t\t<div class=\"elementor-field-type-html elementor-field-group elementor-column elementor-field-group-field_f599d7a elementor-col-20\">\n\t\t\t\t\tI am:\t\t\t\t<\/div>\n\t\t\t\t\t\t\t\t<div class=\"elementor-field-type-checkbox elementor-field-group elementor-column elementor-field-group-jesuis elementor-col-80\">\n\t\t\t\t\t\t\t\t\t\t\t\t<label for=\"form-field-jesuis\" class=\"elementor-field-label elementor-screen-only\">\n\t\t\t\t\t\t\t\tI am (choice)\t\t\t\t\t\t\t<\/label>\n\t\t\t\t\t\t<div class=\"elementor-field-subgroup  \"><span class=\"elementor-field-option\"><input type=\"checkbox\" value=\"From the general public\" id=\"form-field-jesuis-0\" name=\"form_fields[jesuis][]\"> <label for=\"form-field-jesuis-0\">From the general public<\/label><\/span><span class=\"elementor-field-option\"><input type=\"checkbox\" value=\"Communicator, publisher or speaker\" id=\"form-field-jesuis-1\" name=\"form_fields[jesuis][]\"> <label for=\"form-field-jesuis-1\">Communicator, publisher or speaker<\/label><\/span><span class=\"elementor-field-option\"><input type=\"checkbox\" value=\"Manager - decision-maker\" id=\"form-field-jesuis-2\" name=\"form_fields[jesuis][]\"> <label for=\"form-field-jesuis-2\">Manager - decision-maker<\/label><\/span><span class=\"elementor-field-option\"><input type=\"checkbox\" value=\"Scientist\" id=\"form-field-jesuis-3\" name=\"form_fields[jesuis][]\"> <label for=\"form-field-jesuis-3\">Scientist<\/label><\/span><\/div>\t\t\t\t<\/div>\n\t\t\t\t\t\t\t\t<div class=\"elementor-field-type-html elementor-field-group elementor-column elementor-field-group-field_4b001c1 elementor-col-20\">\n\t\t\t\t\tOthers:\t\t\t\t<\/div>\n\t\t\t\t\t\t\t\t<div class=\"elementor-field-type-text elementor-field-group elementor-column elementor-field-group-jesuisautres elementor-col-80\">\n\t\t\t\t\t\t\t\t\t\t\t\t<label for=\"form-field-jesuisautres\" class=\"elementor-field-label elementor-screen-only\">\n\t\t\t\t\t\t\t\tJe suis autres (text)\t\t\t\t\t\t\t<\/label>\n\t\t\t\t\t\t\t\t\t\t\t\t\t\t<input size=\"1\" type=\"text\" name=\"form_fields[jesuisautres]\" id=\"form-field-jesuisautres\" class=\"elementor-field elementor-size-sm  elementor-field-textual\">\n\t\t\t\t\t\t\t\t\t\t\t<\/div>\n\t\t\t\t\t\t\t\t<div class=\"elementor-field-type-html elementor-field-group elementor-column elementor-field-group-field_5e57856 elementor-col-20\">\n\t\t\t\t\tI need to:\t\t\t\t<\/div>\n\t\t\t\t\t\t\t\t<div class=\"elementor-field-type-checkbox elementor-field-group elementor-column elementor-field-group-jaibesoin elementor-col-80\">\n\t\t\t\t\t\t\t\t\t\t\t\t<label for=\"form-field-jaibesoin\" class=\"elementor-field-label elementor-screen-only\">\n\t\t\t\t\t\t\t\tI need (choice)\t\t\t\t\t\t\t<\/label>\n\t\t\t\t\t\t<div class=\"elementor-field-subgroup  \"><span class=\"elementor-field-option\"><input type=\"checkbox\" value=\"Scientific curation\" id=\"form-field-jaibesoin-0\" name=\"form_fields[jaibesoin][]\"> <label for=\"form-field-jaibesoin-0\">Scientific curation<\/label><\/span><span class=\"elementor-field-option\"><input type=\"checkbox\" value=\"Coaching\" id=\"form-field-jaibesoin-1\" name=\"form_fields[jaibesoin][]\"> <label for=\"form-field-jaibesoin-1\">Coaching<\/label><\/span><span class=\"elementor-field-option\"><input type=\"checkbox\" value=\"Knowledge brokerage\" id=\"form-field-jaibesoin-2\" name=\"form_fields[jaibesoin][]\"> <label for=\"form-field-jaibesoin-2\">Knowledge brokerage<\/label><\/span><span class=\"elementor-field-option\"><input type=\"checkbox\" value=\"Scientific communication\" id=\"form-field-jaibesoin-3\" name=\"form_fields[jaibesoin][]\"> <label for=\"form-field-jaibesoin-3\">Scientific communication<\/label><\/span><span class=\"elementor-field-option\"><input type=\"checkbox\" value=\"Find out more about your services\" id=\"form-field-jaibesoin-4\" name=\"form_fields[jaibesoin][]\"> <label for=\"form-field-jaibesoin-4\">Find out more about your services<\/label><\/span><\/div>\t\t\t\t<\/div>\n\t\t\t\t\t\t\t\t<div class=\"elementor-field-type-html elementor-field-group elementor-column elementor-field-group-field_567adcb elementor-col-20\">\n\t\t\t\t\tOthers:\t\t\t\t<\/div>\n\t\t\t\t\t\t\t\t<div class=\"elementor-field-type-text elementor-field-group elementor-column elementor-field-group-jaibesoinautres elementor-col-80\">\n\t\t\t\t\t\t\t\t\t\t\t\t<label for=\"form-field-jaibesoinautres\" class=\"elementor-field-label elementor-screen-only\">\n\t\t\t\t\t\t\t\tI need others (text)\t\t\t\t\t\t\t<\/label>\n\t\t\t\t\t\t\t\t\t\t\t\t\t\t<input size=\"1\" type=\"text\" name=\"form_fields[jaibesoinautres]\" id=\"form-field-jaibesoinautres\" class=\"elementor-field elementor-size-sm  elementor-field-textual\">\n\t\t\t\t\t\t\t\t\t\t\t<\/div>\n\t\t\t\t\t\t\t\t<div class=\"elementor-field-type-html elementor-field-group elementor-column elementor-field-group-field_db8e3c7 elementor-col-100\">\n\t\t\t\t\t<div style=\"min-height:30px;\"><\/div>\t\t\t\t<\/div>\n\t\t\t\t\t\t\t\t<div class=\"elementor-field-group elementor-column elementor-field-type-submit elementor-col-100 e-form__buttons\">\n\t\t\t\t\t<button class=\"elementor-button elementor-size-sm\" type=\"submit\">\n\t\t\t\t\t\t<span class=\"elementor-button-content-wrapper\">\n\t\t\t\t\t\t\t\t\t\t\t\t\t\t\t\t\t\t\t\t\t\t<span class=\"elementor-button-text\">Send<\/span>\n\t\t\t\t\t\t\t\t\t\t\t\t\t<\/span>\n\t\t\t\t\t<\/button>\n\t\t\t\t<\/div>\n\t\t\t<\/div>\n\t\t<\/form>\n\t\t\t\t\t\t<\/div>\n\t\t\t\t<\/div>\n\t\t\t\t\t<\/div>\n\t\t\t\t<\/div>\n\t\t\t\t\t<\/div>\n\t\t\t\t<\/div>\n\t\t\t\t<section class=\"elementor-section elementor-top-section elementor-element elementor-element-0423231 elementor-section-boxed elementor-section-height-default elementor-section-height-default\" data-id=\"0423231\" data-element_type=\"section\" data-e-type=\"section\">\n\t\t\t\t\t\t<div class=\"elementor-container elementor-column-gap-default\">\n\t\t\t\t\t<div class=\"elementor-column elementor-col-100 elementor-top-column elementor-element elementor-element-9bf28d9\" data-id=\"9bf28d9\" data-element_type=\"column\" data-e-type=\"column\">\n\t\t\t<div class=\"elementor-widget-wrap elementor-element-populated\">\n\t\t\t\t\t\t<div class=\"elementor-element elementor-element-c7bb2f9 elementor-widget elementor-widget-heading\" data-id=\"c7bb2f9\" data-element_type=\"widget\" data-e-type=\"widget\" data-widget_type=\"heading.default\">\n\t\t\t\t<div class=\"elementor-widget-container\">\n\t\t\t\t\t<h2 class=\"elementor-heading-title elementor-size-default\">You can also reach us directly by e-mail<\/h2>\t\t\t\t<\/div>\n\t\t\t\t<\/div>\n\t\t\t\t\t<\/div>\n\t\t<\/div>\n\t\t\t\t\t<\/div>\n\t\t<\/section>\n\t\t\t\t<section class=\"elementor-section elementor-top-section elementor-element elementor-element-afa7a2c elementor-section-boxed elementor-section-height-default elementor-section-height-default\" data-id=\"afa7a2c\" data-element_type=\"section\" data-e-type=\"section\">\n\t\t\t\t\t\t<div class=\"elementor-container elementor-column-gap-default\">\n\t\t\t\t\t<div class=\"elementor-column elementor-col-50 elementor-top-column elementor-element elementor-element-c494ed9\" data-id=\"c494ed9\" data-element_type=\"column\" data-e-type=\"column\">\n\t\t\t<div class=\"elementor-widget-wrap elementor-element-populated\">\n\t\t\t\t\t\t<div class=\"elementor-element elementor-element-ca619e7 elementor-align-justify elementor-widget elementor-widget-button\" data-id=\"ca619e7\" data-element_type=\"widget\" data-e-type=\"widget\" data-widget_type=\"button.default\">\n\t\t\t\t<div class=\"elementor-widget-container\">\n\t\t\t\t\t\t\t\t\t<div class=\"elementor-button-wrapper\">\n\t\t\t\t\t<a class=\"elementor-button elementor-button-link elementor-size-sm\" href=\"mailto:clord@immer.science\">\n\t\t\t\t\t\t<span class=\"elementor-button-content-wrapper\">\n\t\t\t\t\t\t<span class=\"elementor-button-icon\">\n\t\t\t\t<i aria-hidden=\"true\" class=\"far fa-envelope\"><\/i>\t\t\t<\/span>\n\t\t\t\t\t\t\t\t\t<span class=\"elementor-button-text\">clord@immer.science<\/span>\n\t\t\t\t\t<\/span>\n\t\t\t\t\t<\/a>\n\t\t\t\t<\/div>\n\t\t\t\t\t\t\t\t<\/div>\n\t\t\t\t<\/div>\n\t\t\t\t\t<\/div>\n\t\t<\/div>\n\t\t\t\t<div class=\"elementor-column elementor-col-50 elementor-top-column elementor-element elementor-element-430c288\" data-id=\"430c288\" data-element_type=\"column\" data-e-type=\"column\">\n\t\t\t<div class=\"elementor-widget-wrap elementor-element-populated\">\n\t\t\t\t\t\t<div class=\"elementor-element elementor-element-3f59682 elementor-align-justify elementor-widget elementor-widget-button\" data-id=\"3f59682\" data-element_type=\"widget\" data-e-type=\"widget\" data-widget_type=\"button.default\">\n\t\t\t\t<div class=\"elementor-widget-container\">\n\t\t\t\t\t\t\t\t\t<div class=\"elementor-button-wrapper\">\n\t\t\t\t\t<a class=\"elementor-button elementor-button-link elementor-size-sm\" href=\"mailto:immerscience@gmail.com\">\n\t\t\t\t\t\t<span class=\"elementor-button-content-wrapper\">\n\t\t\t\t\t\t<span class=\"elementor-button-icon\">\n\t\t\t\t<i aria-hidden=\"true\" class=\"far fa-envelope\"><\/i>\t\t\t<\/span>\n\t\t\t\t\t\t\t\t\t<span class=\"elementor-button-text\">immerscience@gmail.com<\/span>\n\t\t\t\t\t<\/span>\n\t\t\t\t\t<\/a>\n\t\t\t\t<\/div>\n\t\t\t\t\t\t\t\t<\/div>\n\t\t\t\t<\/div>\n\t\t\t\t\t<\/div>\n\t\t<\/div>\n\t\t\t\t\t<\/div>\n\t\t<\/section>\n\t\t\t\t<\/div>\n\t\t","protected":false},"excerpt":{"rendered":"<p>Plan your project and dive into science with us. You can also reach us directly by e-mail clord@immer.science immerscience@gmail.com<\/p>\n","protected":false},"author":1,"featured_media":0,"parent":0,"menu_order":0,"comment_status":"closed","ping_status":"closed","template":"","meta":{"footnotes":""},"class_list":["post-865","page","type-page","status-publish","hentry"],"yoast_head":"<!-- This site is optimized with the Yoast SEO Premium plugin v27.4 (Yoast SEO v27.4) - https:\/\/yoast.com\/product\/yoast-seo-premium-wordpress\/ -->\n<title>Contact - Immerscience<\/title>\n<meta name=\"robots\" content=\"index, follow, max-snippet:-1, max-image-preview:large, max-video-preview:-1\" \/>\n<link rel=\"canonical\" href=\"https:\/\/immerscience.com\/en\/contact-en\/\" \/>\n<meta property=\"og:locale\" content=\"en_US\" \/>\n<meta property=\"og:type\" content=\"article\" \/>\n<meta property=\"og:title\" content=\"Contact\" \/>\n<meta property=\"og:description\" content=\"Plan your project and dive into science with us. You can also reach us directly by e-mail clord@immer.science immerscience@gmail.com\" \/>\n<meta property=\"og:url\" content=\"https:\/\/immerscience.com\/en\/contact-en\/\" \/>\n<meta property=\"og:site_name\" content=\"Immerscience\" \/>\n<meta property=\"article:modified_time\" content=\"2025-09-08T10:49:43+00:00\" \/>\n<meta property=\"og:image\" content=\"https:\/\/immerscience.com\/wp-content\/uploads\/2019\/02\/icon-treasures.png\" \/>\n\t<meta property=\"og:image:width\" content=\"300\" \/>\n\t<meta property=\"og:image:height\" content=\"238\" \/>\n\t<meta property=\"og:image:type\" content=\"image\/png\" \/>\n<meta name=\"twitter:card\" content=\"summary_large_image\" \/>\n<meta name=\"twitter:label1\" content=\"Est. reading time\" \/>\n\t<meta name=\"twitter:data1\" content=\"2 minutes\" \/>\n<script type=\"application\/ld+json\" class=\"yoast-schema-graph\">{\"@context\":\"https:\\\/\\\/schema.org\",\"@graph\":[{\"@type\":\"WebPage\",\"@id\":\"https:\\\/\\\/immerscience.com\\\/en\\\/contact-en\\\/\",\"url\":\"https:\\\/\\\/immerscience.com\\\/en\\\/contact-en\\\/\",\"name\":\"Contact - Immerscience\",\"isPartOf\":{\"@id\":\"https:\\\/\\\/immerscience.com\\\/en\\\/#website\"},\"primaryImageOfPage\":{\"@id\":\"https:\\\/\\\/immerscience.com\\\/en\\\/contact-en\\\/#primaryimage\"},\"image\":{\"@id\":\"https:\\\/\\\/immerscience.com\\\/en\\\/contact-en\\\/#primaryimage\"},\"thumbnailUrl\":\"https:\\\/\\\/immerscience.com\\\/wp-content\\\/uploads\\\/2019\\\/02\\\/icon-treasures.png\",\"datePublished\":\"2021-08-07T14:52:16+00:00\",\"dateModified\":\"2025-09-08T10:49:43+00:00\",\"breadcrumb\":{\"@id\":\"https:\\\/\\\/immerscience.com\\\/en\\\/contact-en\\\/#breadcrumb\"},\"inLanguage\":\"en-US\",\"potentialAction\":[{\"@type\":\"ReadAction\",\"target\":[\"https:\\\/\\\/immerscience.com\\\/en\\\/contact-en\\\/\"]}]},{\"@type\":\"ImageObject\",\"inLanguage\":\"en-US\",\"@id\":\"https:\\\/\\\/immerscience.com\\\/en\\\/contact-en\\\/#primaryimage\",\"url\":\"https:\\\/\\\/immerscience.com\\\/wp-content\\\/uploads\\\/2019\\\/02\\\/icon-treasures.png\",\"contentUrl\":\"https:\\\/\\\/immerscience.com\\\/wp-content\\\/uploads\\\/2019\\\/02\\\/icon-treasures.png\"},{\"@type\":\"BreadcrumbList\",\"@id\":\"https:\\\/\\\/immerscience.com\\\/en\\\/contact-en\\\/#breadcrumb\",\"itemListElement\":[{\"@type\":\"ListItem\",\"position\":1,\"name\":\"Home\",\"item\":\"https:\\\/\\\/immerscience.com\\\/en\\\/\"},{\"@type\":\"ListItem\",\"position\":2,\"name\":\"Contact\"}]},{\"@type\":\"WebSite\",\"@id\":\"https:\\\/\\\/immerscience.com\\\/en\\\/#website\",\"url\":\"https:\\\/\\\/immerscience.com\\\/en\\\/\",\"name\":\"Immerscience\",\"description\":\"R\u00e9unir, \u00e9valuer et communiquer efficacement et rapidement les informations scientifiques et m\u00e9thodologiques.\",\"potentialAction\":[{\"@type\":\"SearchAction\",\"target\":{\"@type\":\"EntryPoint\",\"urlTemplate\":\"https:\\\/\\\/immerscience.com\\\/en\\\/?s={search_term_string}\"},\"query-input\":{\"@type\":\"PropertyValueSpecification\",\"valueRequired\":true,\"valueName\":\"search_term_string\"}}],\"inLanguage\":\"en-US\"}]}<\/script>\n<!-- \/ Yoast SEO Premium plugin. -->","yoast_head_json":{"title":"Contact - Immerscience","robots":{"index":"index","follow":"follow","max-snippet":"max-snippet:-1","max-image-preview":"max-image-preview:large","max-video-preview":"max-video-preview:-1"},"canonical":"https:\/\/immerscience.com\/en\/contact-en\/","og_locale":"en_US","og_type":"article","og_title":"Contact","og_description":"Plan your project and dive into science with us. You can also reach us directly by e-mail clord@immer.science immerscience@gmail.com","og_url":"https:\/\/immerscience.com\/en\/contact-en\/","og_site_name":"Immerscience","article_modified_time":"2025-09-08T10:49:43+00:00","og_image":[{"width":300,"height":238,"url":"https:\/\/immerscience.com\/wp-content\/uploads\/2019\/02\/icon-treasures.png","type":"image\/png"}],"twitter_card":"summary_large_image","twitter_misc":{"Est. reading time":"2 minutes"},"schema":{"@context":"https:\/\/schema.org","@graph":[{"@type":"WebPage","@id":"https:\/\/immerscience.com\/en\/contact-en\/","url":"https:\/\/immerscience.com\/en\/contact-en\/","name":"Contact - Immerscience","isPartOf":{"@id":"https:\/\/immerscience.com\/en\/#website"},"primaryImageOfPage":{"@id":"https:\/\/immerscience.com\/en\/contact-en\/#primaryimage"},"image":{"@id":"https:\/\/immerscience.com\/en\/contact-en\/#primaryimage"},"thumbnailUrl":"https:\/\/immerscience.com\/wp-content\/uploads\/2019\/02\/icon-treasures.png","datePublished":"2021-08-07T14:52:16+00:00","dateModified":"2025-09-08T10:49:43+00:00","breadcrumb":{"@id":"https:\/\/immerscience.com\/en\/contact-en\/#breadcrumb"},"inLanguage":"en-US","potentialAction":[{"@type":"ReadAction","target":["https:\/\/immerscience.com\/en\/contact-en\/"]}]},{"@type":"ImageObject","inLanguage":"en-US","@id":"https:\/\/immerscience.com\/en\/contact-en\/#primaryimage","url":"https:\/\/immerscience.com\/wp-content\/uploads\/2019\/02\/icon-treasures.png","contentUrl":"https:\/\/immerscience.com\/wp-content\/uploads\/2019\/02\/icon-treasures.png"},{"@type":"BreadcrumbList","@id":"https:\/\/immerscience.com\/en\/contact-en\/#breadcrumb","itemListElement":[{"@type":"ListItem","position":1,"name":"Home","item":"https:\/\/immerscience.com\/en\/"},{"@type":"ListItem","position":2,"name":"Contact"}]},{"@type":"WebSite","@id":"https:\/\/immerscience.com\/en\/#website","url":"https:\/\/immerscience.com\/en\/","name":"Immerscience","description":"R\u00e9unir, \u00e9valuer et communiquer efficacement et rapidement les informations scientifiques et m\u00e9thodologiques.","potentialAction":[{"@type":"SearchAction","target":{"@type":"EntryPoint","urlTemplate":"https:\/\/immerscience.com\/en\/?s={search_term_string}"},"query-input":{"@type":"PropertyValueSpecification","valueRequired":true,"valueName":"search_term_string"}}],"inLanguage":"en-US"}]}},"_links":{"self":[{"href":"https:\/\/immerscience.com\/en\/wp-json\/wp\/v2\/pages\/865","targetHints":{"allow":["GET"]}}],"collection":[{"href":"https:\/\/immerscience.com\/en\/wp-json\/wp\/v2\/pages"}],"about":[{"href":"https:\/\/immerscience.com\/en\/wp-json\/wp\/v2\/types\/page"}],"author":[{"embeddable":true,"href":"https:\/\/immerscience.com\/en\/wp-json\/wp\/v2\/users\/1"}],"replies":[{"embeddable":true,"href":"https:\/\/immerscience.com\/en\/wp-json\/wp\/v2\/comments?post=865"}],"version-history":[{"count":5,"href":"https:\/\/immerscience.com\/en\/wp-json\/wp\/v2\/pages\/865\/revisions"}],"predecessor-version":[{"id":1388,"href":"https:\/\/immerscience.com\/en\/wp-json\/wp\/v2\/pages\/865\/revisions\/1388"}],"wp:attachment":[{"href":"https:\/\/immerscience.com\/en\/wp-json\/wp\/v2\/media?parent=865"}],"curies":[{"name":"wp","href":"https:\/\/api.w.org\/{rel}","templated":true}]}}